{"id":84,"date":"2016-02-22T19:33:06","date_gmt":"2016-02-22T18:33:06","guid":{"rendered":"http:\/\/www.alber-mode.com\/?page_id=84"},"modified":"2016-04-01T12:32:10","modified_gmt":"2016-04-01T10:32:10","slug":"impressum","status":"publish","type":"page","link":"http:\/\/www.alber-mode.com\/it\/impressum\/","title":{"rendered":"Informazione Legale"},"content":{"rendered":"<p>[vc_row][vc_column width=&#8221;1\/2&#8243;][vc_column_text]Alber Mode<br \/>\nBahnhofstra\u00dfe 22<br \/>\n39025 Naturns (BZ)<\/p>\n<p>Tel.: 0473 666326<br \/>\nFax.: 0473 673864<br \/>\ninfo@alber-mode.com<\/p>\n<p>www.alber-mode.com<br \/>\nP.IVA 01571590213<br \/>\nProprietaria: Waltraud Alber<\/p>\n<p><strong>Avviso di responsabilit\u00e1<\/strong><\/p>\n<p class=\"narrow\">I marchi e le societ\u00e1 citate su questo sito sono di propriet\u00e1 del apposito titolare. Nonostante l\u2019attento controllo dei contenuti, non assumiamo nessuna responsabilit\u00e1 per i contenuti relativi a link esterni. Sono responsabili per il contenuto delle pagine collegate esclusivamente i gestori delle pagine stesse.<\/p>\n<p><strong>Datenschutz<\/strong><\/p>\n<p class=\"narrow\">Ai sensi dell&#8217;art. 13 del decreto legislativo n. 196 del 30 giugno 2003 e seguenti modifiche e completamenti informiamo, che tutti i dati che ci vengono inviati tramite il nostro sito internet rispettivamente tramite fax, e-mail o posta verranno raccolti e salvati. La nostra societ\u00e1 garantisce un trattamento dei dati personali ai sensi delle disposizioni di legge che rispetta i diritti fondamentali, la libert\u00e1 e la dignit\u00e1 della persona interessata con particolare riferimento alla segretezza, alla identit\u00e1 personale e il diritto di tutela dei dati personali. I dati personali elaborati dalla nostra societ\u00e1 non vengono divulgati. Ai sensi dell&#8217;art. 7 della legge sulla privacy l&#8217;interessato ha il diritto della conferma dell&#8217;esistenza o meno di dati personali che lo riguardano, del controllo degli stessi, della rettifica ed integrazione, di richiedere la cancellazione o la trasformazione in forma anonima in violazione di legge. Ha il diritto di opporsi in tutto o in parte, per motivi legittimi, al trattamento dei dati personali che lo riguardano, siccome pu\u00f3 richiedere la cancellazione, il blocco o la trasformazione in forma anonima. Questo pu\u00f3 richiedere anche senza giustificato motivo qualora i dati vanno utilizzati a fini di informazione commerciale o di invio di materiale pubblicitario o di vendita diretta ovvero per il compimento di ricerche di mercato o di comunicazione commerciale interattiva.<\/p>\n<p class=\"narrow\">This website uses Google Analytics, a web analytics service provided by Google, Inc. (\u201cGoogle\u201d). Google Analytics uses \u201ccookies\u201d, which are text files placed on your computer, to help the website analyze how users use the site. The information generated by the cookie about your use of the website (including your IP address) will be transmitted to and stored by Google on servers in the United States . Google will use this information for the purpose of evaluating your use of the website, compiling reports on website activity for website operators and providing other services relating to website activity and internet usage. Google may also transfer this information to third parties where required to do so by law, or where such third parties process the information on Google&#8217;s behalf. Google will not associate your IP address with any other data held by Google. You may refuse the use of cookies by selecting the appropriate settings on your browser, however please note that if you do this you may not be able to use the full functionality of this website. By using this website, you consent to the processing of data about you by Google in the manner and for the purposes set out above.<\/p>\n<p>[\/vc_column_text][\/vc_column][vc_column width=&#8221;1\/2&#8243;][\/vc_column][\/vc_row]<\/p>","protected":false},"excerpt":{"rendered":"[vc_row][vc_column width=&#8221;1\/2&#8243;][vc_column_text]Alber Mode Bahnhofstra\u00dfe 22 39025 Naturns (BZ) Tel.: 0473 666326 Fax.: 0473 673864 info@alber-mode.com www.alber-mode.com P.IVA 01571590213 Proprietaria: Waltraud Alber Avviso di responsabilit\u00e1 I marchi e le societ\u00e1 citate su questo sito sono di propriet\u00e1 del apposito titolare. Nonostante l\u2019attento controllo dei contenuti, non assumiamo nessuna responsabilit\u00e1 per i contenuti relativi a link esterni&#8230;. <a class=\"view-article\" href=\"http:\/\/www.alber-mode.com\/it\/impressum\/\">Mostra articolo<\/a>","protected":false},"author":1,"featured_media":0,"parent":0,"menu_order":0,"comment_status":"closed","ping_status":"closed","template":"","meta":{"footnotes":""},"class_list":["post-84","page","type-page","status-publish","hentry"],"_links":{"self":[{"href":"http:\/\/www.alber-mode.com\/it\/wp-json\/wp\/v2\/pages\/84","targetHints":{"allow":["GET"]}}],"collection":[{"href":"http:\/\/www.alber-mode.com\/it\/wp-json\/wp\/v2\/pages"}],"about":[{"href":"http:\/\/www.alber-mode.com\/it\/wp-json\/wp\/v2\/types\/page"}],"author":[{"embeddable":true,"href":"http:\/\/www.alber-mode.com\/it\/wp-json\/wp\/v2\/users\/1"}],"replies":[{"embeddable":true,"href":"http:\/\/www.alber-mode.com\/it\/wp-json\/wp\/v2\/comments?post=84"}],"version-history":[{"count":6,"href":"http:\/\/www.alber-mode.com\/it\/wp-json\/wp\/v2\/pages\/84\/revisions"}],"predecessor-version":[{"id":261,"href":"http:\/\/www.alber-mode.com\/it\/wp-json\/wp\/v2\/pages\/84\/revisions\/261"}],"wp:attachment":[{"href":"http:\/\/www.alber-mode.com\/it\/wp-json\/wp\/v2\/media?parent=84"}],"curies":[{"name":"wp","href":"https:\/\/api.w.org\/{rel}","templated":true}]}}