{"id":11,"date":"2016-02-15T19:31:02","date_gmt":"2016-02-15T18:31:02","guid":{"rendered":"http:\/\/www.alber-mode.com\/?page_id=11"},"modified":"2016-03-30T22:24:39","modified_gmt":"2016-03-30T20:24:39","slug":"brunello-cucinelli","status":"publish","type":"page","link":"http:\/\/www.alber-mode.com\/it\/brunello-cucinelli\/","title":{"rendered":"Brunello Cucinelli"},"content":{"rendered":"<p>[vc_row][vc_column][vc_single_image image=&#8221;12&#8243; img_size=&#8221;full&#8221; alignment=&#8221;center&#8221; el_class=&#8221;fullwidth&#8221;][\/vc_column][\/vc_row][vc_row css=&#8221;.vc_custom_1455560712167{margin-top: 40px !important;}&#8221;][vc_column width=&#8221;1\/2&#8243;][vc_column_text]<\/p>\n<h3>Il bello ci salver\u00e1.<\/h3>\n<p>Fjodor Dostojewski[\/vc_column_text][vc_single_image image=&#8221;13&#8243; img_size=&#8221;full&#8221; alignment=&#8221;center&#8221; css=&#8221;.vc_custom_1455560693401{margin-top: 40px !important;margin-bottom: 40px !important;}&#8221;][vc_single_image image=&#8221;103&#8243; img_size=&#8221;full&#8221; alignment=&#8221;center&#8221; css=&#8221;.vc_custom_1456224964468{margin-top: 40px !important;margin-bottom: 40px !important;}&#8221;][\/vc_column][vc_column width=&#8221;1\/2&#8243;][vc_column_text]<em>Questa citazione dello scrittore russo Dostojewski spicca sull\u2019homepage del cashmere designer Brunello Cucinelli, la cui griffe \u00e8 riconosciuta come una delle pi\u00f9 apprezzate firme di lusso del mondo.<\/em><\/p>\n<p>Cucinelli, che lavora la pi\u00f9 delicata lana di cashmere proveniente dagli altopiani della Mongolia, dando vita a morbidissimi pullover, intu\u00ec presto che avrebbe dovuto contraddistinguersi dalla concorrenza, grazie a una qualit\u00e1 superiore in fatto di materiale, stile e lavorazione.<\/p>\n<p>Quando nessuno vi aveva pensato, Cucinelli ebbe l\u2019idea innovativa di tingere la lana di cashmere di differenti colori e creare capi di abbigliamento alla moda. Sono ormai passati pi\u00f9 di 30 anni da quando Waltraud Alber scopr\u00ec questo giovane designer, proponendolo, per primo in tutto il mondo, nel suo assortimento. Da allora Alber Mode e Brunello Cucinelli sono uniti da una stretta collaborazione professionale.<\/p>\n<p><a href=\"http:\/\/www.brunellocucinelli.com\/en\">www.brunellocucinelli.it<\/a>[\/vc_column_text][vc_single_image image=&#8221;102&#8243; img_size=&#8221;full&#8221; alignment=&#8221;center&#8221; css=&#8221;.vc_custom_1456224944247{margin-top: 40px !important;margin-bottom: 40px !important;}&#8221;][vc_column_text el_class=&#8221;copyrighttext&#8221; css=&#8221;.vc_custom_1459369478127{margin-top: 20px !important;}&#8221;]\u00a9 Tutte le immagini: Brunello Cucinelli[\/vc_column_text][\/vc_column][\/vc_row]<\/p>","protected":false},"excerpt":{"rendered":"[vc_row][vc_column][vc_single_image image=&#8221;12&#8243; img_size=&#8221;full&#8221; alignment=&#8221;center&#8221; el_class=&#8221;fullwidth&#8221;][\/vc_column][\/vc_row][vc_row css=&#8221;.vc_custom_1455560712167{margin-top: 40px !important;}&#8221;][vc_column width=&#8221;1\/2&#8243;][vc_column_text] Il bello ci salver\u00e1. Fjodor Dostojewski[\/vc_column_text][vc_single_image image=&#8221;13&#8243; img_size=&#8221;full&#8221; alignment=&#8221;center&#8221; css=&#8221;.vc_custom_1455560693401{margin-top: 40px !important;margin-bottom: 40px !important;}&#8221;][vc_single_image image=&#8221;103&#8243; img_size=&#8221;full&#8221; alignment=&#8221;center&#8221; css=&#8221;.vc_custom_1456224964468{margin-top: 40px !important;margin-bottom: 40px !important;}&#8221;][\/vc_column][vc_column width=&#8221;1\/2&#8243;][vc_column_text]Questa citazione dello scrittore russo Dostojewski spicca sull\u2019homepage del cashmere designer Brunello Cucinelli, la cui griffe \u00e8 riconosciuta come una delle pi\u00f9 apprezzate firme&#8230; <a class=\"view-article\" href=\"http:\/\/www.alber-mode.com\/it\/brunello-cucinelli\/\">Mostra articolo<\/a>","protected":false},"author":1,"featured_media":0,"parent":0,"menu_order":0,"comment_status":"closed","ping_status":"closed","template":"","meta":{"footnotes":""},"class_list":["post-11","page","type-page","status-publish","hentry"],"_links":{"self":[{"href":"http:\/\/www.alber-mode.com\/it\/wp-json\/wp\/v2\/pages\/11","targetHints":{"allow":["GET"]}}],"collection":[{"href":"http:\/\/www.alber-mode.com\/it\/wp-json\/wp\/v2\/pages"}],"about":[{"href":"http:\/\/www.alber-mode.com\/it\/wp-json\/wp\/v2\/types\/page"}],"author":[{"embeddable":true,"href":"http:\/\/www.alber-mode.com\/it\/wp-json\/wp\/v2\/users\/1"}],"replies":[{"embeddable":true,"href":"http:\/\/www.alber-mode.com\/it\/wp-json\/wp\/v2\/comments?post=11"}],"version-history":[{"count":8,"href":"http:\/\/www.alber-mode.com\/it\/wp-json\/wp\/v2\/pages\/11\/revisions"}],"predecessor-version":[{"id":245,"href":"http:\/\/www.alber-mode.com\/it\/wp-json\/wp\/v2\/pages\/11\/revisions\/245"}],"wp:attachment":[{"href":"http:\/\/www.alber-mode.com\/it\/wp-json\/wp\/v2\/media?parent=11"}],"curies":[{"name":"wp","href":"https:\/\/api.w.org\/{rel}","templated":true}]}}